{"id":2653,"date":"2023-08-17T16:19:44","date_gmt":"2023-08-17T21:19:44","guid":{"rendered":"https:\/\/dev.paramogaleria.com\/?post_type=product&#038;p=2653"},"modified":"2024-03-12T13:47:25","modified_gmt":"2024-03-12T19:47:25","slug":"taza-b-2022-jaime-galan","status":"publish","type":"product","link":"https:\/\/dev.paramogaleria.com\/en\/store\/taza-b-2022-jaime-galan\/","title":{"rendered":"Taza B, 2022 &#8211; Jaime Gal\u00e1n"},"content":{"rendered":"<div class=\"tb_layout_part_wrap tf_w\">\n<!--themify_builder_content-->\n    <div  class=\"themify_builder_content themify_builder_content-2613 themify_builder not_editable_builder\" data-postid=\"2613\">\n        \t\t\t\t<div  data-lazy=\"1\" class=\"module_row themify_builder_row tb_ljvr835 tb_first tf_w\">\n\t\t\t\t\t\t<div class=\"row_inner col_align_top tb_col_count_1 tf_box tf_rel\">\n\t\t\t\t\t\t<div  data-lazy=\"1\" class=\"module_column tb-column col-full tb_pfdc836 first\">\n\t\t\t\t\t\t\t<div  data-lazy=\"1\" class=\"module_subrow themify_builder_sub_row tf_w col_align_top tb_col_count_2 tb_wly7491\">\n\t\t\t\t<div  data-lazy=\"1\" class=\"module_column sub_column col3-1 tb_b8rh491 first\">\n\t\t\t\t\t<!-- module image -->\n<div  class=\"module module-image tb_6n68259 image-top   tf_mw\" data-lazy=\"1\">\n        <div class=\"image-wrap tf_rel tf_mw\">\n\t\t    <img loading=\"lazy\" decoding=\"async\" width=\"600\" height=\"491\" src=\"https:\/\/dev.paramogaleria.com\/wp-content\/uploads\/2023\/08\/Jaime-Galan-Retrato.jpg\" class=\"wp-post-image wp-image-2615\" title=\"Jaime-Galan-Retrato\" alt=\"Jaime Gal\u00e1n - Retrato.\" srcset=\"https:\/\/dev.paramogaleria.com\/wp-content\/uploads\/2023\/08\/Jaime-Galan-Retrato.jpg 600w, https:\/\/dev.paramogaleria.com\/wp-content\/uploads\/2023\/08\/Jaime-Galan-Retrato-300x246.jpg 300w\" sizes=\"auto, (max-width: 600px) 100vw, 600px\" \/>\t\n\t\t<\/div>\n\t<!-- \/image-wrap -->\n    \n    \t<\/div>\n<!-- \/module image --><!-- module text -->\n<div  class=\"module module-text tb_2xs877 artist_menu_downloads  \" data-lazy=\"1\">\n\t    <div  class=\"tb_text_wrap\">\n\t\t<h5>Descargas:<\/h5>\n<p><a href=\"https:\/\/dev.paramogaleria.com\/wp-content\/uploads\/2021\/07\/Jaime-Galan-Biografia-Paramo-Agosto-septiembre-2021.pdf\" target=\"_blank\" rel=\"noopener\">Biograf\u00eda<\/a><\/p>    <\/div>\n<\/div>\n<!-- \/module text -->\t\t<\/div>\n\t\t\t\t\t<div  data-lazy=\"1\" class=\"module_column sub_column col3-2 tb_uqoc491 last\">\n\t\t\t\t\t<!-- module text -->\n<div  class=\"module module-text tb_zty5407   \" data-lazy=\"1\">\n\t    <div  class=\"tb_text_wrap\">\n\t\t<h2>JAIME GAL\u00c1N<\/h2>\n<p>ARTISTA VISUAL \/ POETA<\/p>\n<p>Jaime Gal\u00e1n nace en 1954 en la ciudad de San Luis Potos\u00ed, S.L.P. M\u00e9xico.<\/p>\n<p>Estudia psicolog\u00eda en la UAM de Xochimilco, ciudad de M\u00e9xico, y posteriormente literatura.<\/p>\n<p>Desde joven gustaba de la poes\u00eda y el arte, pero es hasta terminada su carrera de psicolog\u00eda que se inmerge en la creaci\u00f3n art\u00edstica de manera autodidacta; en un inicio se interesa en el grabado, creando su propio t\u00f3rculo con rodillos de lavadora, y pocos a\u00f1os despu\u00e9s instala su propio taller de cer\u00e1mica.<\/p>\n<p>A la par de la creaci\u00f3n art\u00edstica, a partir de 1988 se enfoca en la restauraci\u00f3n de obras de arte y bienes muebles, restaurando el interior de la Catedral de San Luis Potos\u00ed, la iglesia de Santa Mar\u00eda del R\u00edo y la iglesia de Mexquitic, as\u00ed como el Sal\u00f3n de Cabildos dentro del Palacio Municipal de la capital potosina.<\/p>\n<p>Ha tomado talleres de escultura con Kyoto Ota, Emilio Farrera, Gerardo Azcunaga y Maribel Portela. Ganador del premio estatal de escultura S.L.P. en los a\u00f1os 1991, 1993 y 1997, y becario del fondo estatal FECA en 1997.<\/p>\n<p>Ha realizado exposiciones individuales en el Museo Federico Silva, Museo Francisco Coss\u00edo y en la galer\u00eda de Palacio Municipal de San Luis Potos\u00ed, as\u00ed como exposiciones colectivas en la Secretaria de Relaciones Exteriores, el Centro de Difusi\u00f3n Cultural y la galer\u00eda Germ\u00e1n Gedovius. Actualmente trabaja en el proyecto multidisciplinario \u201cT\u00fa importas\u201d, conformado por poes\u00eda, gr\u00e1fica, escultura y dise\u00f1o de moda. Coordina su galer\u00eda de autor, \u201cCasa editorial Cerezas en alm\u00edbar\u201d e imparte talleres de arte en \u201cSerendipia, casa-estudio\u201d.<\/p>    <\/div>\n<\/div>\n<!-- \/module text -->\t\t<\/div>\n\t\t\t\t\t<\/div>\n\t\t\t\t<\/div>\n\t\t\t\t\t\t<\/div>\n\t\t<\/div>\n\t\t    <\/div>\n<!--\/themify_builder_content-->\n<\/div>\n\n<!--themify_builder_content-->\n<div id=\"themify_builder_content-2653\" data-postid=\"2653\" class=\"themify_builder_content themify_builder_content-2653 themify_builder tf_clear\">\n    <\/div>\n<!--\/themify_builder_content-->\n","protected":false},"excerpt":{"rendered":"<p><strong>Jaime Gal\u00e1n<\/strong><br \/>\n<em>Taza B, 2023<\/em><\/p>\n<p>Cer\u00e1mica e impresi\u00f3n digital<\/p>\n","protected":false},"featured_media":2655,"comment_status":"open","ping_status":"closed","template":"","meta":[],"product_cat":[132],"product_tag":[104],"class_list":{"0":"post-2653","1":"product","2":"type-product","3":"status-publish","4":"has-post-thumbnail","6":"product_cat-gallery-store","7":"product_tag-jaime-galan-en","8":"has-post-title","9":"has-post-date","10":"has-post-category","11":"has-post-tag","12":"has-post-comment","13":"has-post-author","14":"","16":"first","17":"instock","18":"sold-individually","19":"taxable","20":"shipping-taxable","21":"purchasable","22":"product-type-simple"},"yoast_head":"<!-- This site is optimized with the Yoast SEO plugin v22.2 - https:\/\/yoast.com\/wordpress\/plugins\/seo\/ -->\n<title>Taza B, 2022 - Jaime Gal\u00e1n - P&aacute;ramo<\/title>\n<meta name=\"robots\" content=\"index, follow, max-snippet:-1, max-image-preview:large, max-video-preview:-1\" \/>\n<link rel=\"canonical\" href=\"https:\/\/dev.paramogaleria.com\/en\/store\/taza-b-2022-jaime-galan\/\" \/>\n<meta property=\"og:locale\" content=\"en_US\" \/>\n<meta property=\"og:type\" content=\"article\" \/>\n<meta property=\"og:title\" content=\"Taza B, 2022 - Jaime Gal\u00e1n - P&aacute;ramo\" \/>\n<meta property=\"og:description\" content=\"Jaime Gal\u00e1n Taza B, 2023  Cer\u00e1mica e impresi\u00f3n digital\" \/>\n<meta property=\"og:url\" content=\"https:\/\/dev.paramogaleria.com\/en\/store\/taza-b-2022-jaime-galan\/\" \/>\n<meta property=\"og:site_name\" content=\"P&aacute;ramo\" \/>\n<meta property=\"article:modified_time\" content=\"2024-03-12T19:47:25+00:00\" \/>\n<meta property=\"og:image\" content=\"https:\/\/dev.paramogaleria.com\/wp-content\/uploads\/2023\/08\/Taza-Jaime-Galan-B.jpg\" \/>\n\t<meta property=\"og:image:width\" content=\"1080\" \/>\n\t<meta property=\"og:image:height\" content=\"1080\" \/>\n\t<meta property=\"og:image:type\" content=\"image\/jpeg\" \/>\n<meta name=\"twitter:card\" content=\"summary_large_image\" \/>\n<meta name=\"twitter:label1\" content=\"Est. reading time\" \/>\n\t<meta name=\"twitter:data1\" content=\"1 minute\" \/>\n<script type=\"application\/ld+json\" class=\"yoast-schema-graph\">{\"@context\":\"https:\/\/schema.org\",\"@graph\":[{\"@type\":\"WebPage\",\"@id\":\"https:\/\/dev.paramogaleria.com\/en\/store\/taza-b-2022-jaime-galan\/\",\"url\":\"https:\/\/dev.paramogaleria.com\/en\/store\/taza-b-2022-jaime-galan\/\",\"name\":\"Taza B, 2022 - Jaime Gal\u00e1n - P&aacute;ramo\",\"isPartOf\":{\"@id\":\"https:\/\/dev.paramogaleria.com\/en\/#website\"},\"primaryImageOfPage\":{\"@id\":\"https:\/\/dev.paramogaleria.com\/en\/store\/taza-b-2022-jaime-galan\/#primaryimage\"},\"image\":{\"@id\":\"https:\/\/dev.paramogaleria.com\/en\/store\/taza-b-2022-jaime-galan\/#primaryimage\"},\"thumbnailUrl\":\"https:\/\/dev.paramogaleria.com\/wp-content\/uploads\/2023\/08\/Taza-Jaime-Galan-B.jpg\",\"datePublished\":\"2023-08-17T21:19:44+00:00\",\"dateModified\":\"2024-03-12T19:47:25+00:00\",\"breadcrumb\":{\"@id\":\"https:\/\/dev.paramogaleria.com\/en\/store\/taza-b-2022-jaime-galan\/#breadcrumb\"},\"inLanguage\":\"en-US\",\"potentialAction\":[{\"@type\":\"ReadAction\",\"target\":[\"https:\/\/dev.paramogaleria.com\/en\/store\/taza-b-2022-jaime-galan\/\"]}]},{\"@type\":\"ImageObject\",\"inLanguage\":\"en-US\",\"@id\":\"https:\/\/dev.paramogaleria.com\/en\/store\/taza-b-2022-jaime-galan\/#primaryimage\",\"url\":\"https:\/\/dev.paramogaleria.com\/wp-content\/uploads\/2023\/08\/Taza-Jaime-Galan-B.jpg\",\"contentUrl\":\"https:\/\/dev.paramogaleria.com\/wp-content\/uploads\/2023\/08\/Taza-Jaime-Galan-B.jpg\",\"width\":1080,\"height\":1080},{\"@type\":\"BreadcrumbList\",\"@id\":\"https:\/\/dev.paramogaleria.com\/en\/store\/taza-b-2022-jaime-galan\/#breadcrumb\",\"itemListElement\":[{\"@type\":\"ListItem\",\"position\":1,\"name\":\"Portada\",\"item\":\"https:\/\/dev.paramogaleria.com\/en\/\"},{\"@type\":\"ListItem\",\"position\":2,\"name\":\"Tienda\",\"item\":\"https:\/\/dev.paramogaleria.com\/tienda\/\"},{\"@type\":\"ListItem\",\"position\":3,\"name\":\"Taza B, 2022 &#8211; Jaime Gal\u00e1n\"}]},{\"@type\":\"WebSite\",\"@id\":\"https:\/\/dev.paramogaleria.com\/en\/#website\",\"url\":\"https:\/\/dev.paramogaleria.com\/en\/\",\"name\":\"P&aacute;ramo\",\"description\":\"Galer\u00eda\",\"potentialAction\":[{\"@type\":\"SearchAction\",\"target\":{\"@type\":\"EntryPoint\",\"urlTemplate\":\"https:\/\/dev.paramogaleria.com\/en\/?s={search_term_string}\"},\"query-input\":\"required name=search_term_string\"}],\"inLanguage\":\"en-US\"}]}<\/script>\n<!-- \/ Yoast SEO plugin. -->","yoast_head_json":{"title":"Taza B, 2022 - Jaime Gal\u00e1n - P&aacute;ramo","robots":{"index":"index","follow":"follow","max-snippet":"max-snippet:-1","max-image-preview":"max-image-preview:large","max-video-preview":"max-video-preview:-1"},"canonical":"https:\/\/dev.paramogaleria.com\/en\/store\/taza-b-2022-jaime-galan\/","og_locale":"en_US","og_type":"article","og_title":"Taza B, 2022 - Jaime Gal\u00e1n - P&aacute;ramo","og_description":"Jaime Gal\u00e1n Taza B, 2023  Cer\u00e1mica e impresi\u00f3n digital","og_url":"https:\/\/dev.paramogaleria.com\/en\/store\/taza-b-2022-jaime-galan\/","og_site_name":"P&aacute;ramo","article_modified_time":"2024-03-12T19:47:25+00:00","og_image":[{"width":1080,"height":1080,"url":"https:\/\/dev.paramogaleria.com\/wp-content\/uploads\/2023\/08\/Taza-Jaime-Galan-B.jpg","type":"image\/jpeg"}],"twitter_card":"summary_large_image","twitter_misc":{"Est. reading time":"1 minute"},"schema":{"@context":"https:\/\/schema.org","@graph":[{"@type":"WebPage","@id":"https:\/\/dev.paramogaleria.com\/en\/store\/taza-b-2022-jaime-galan\/","url":"https:\/\/dev.paramogaleria.com\/en\/store\/taza-b-2022-jaime-galan\/","name":"Taza B, 2022 - Jaime Gal\u00e1n - P&aacute;ramo","isPartOf":{"@id":"https:\/\/dev.paramogaleria.com\/en\/#website"},"primaryImageOfPage":{"@id":"https:\/\/dev.paramogaleria.com\/en\/store\/taza-b-2022-jaime-galan\/#primaryimage"},"image":{"@id":"https:\/\/dev.paramogaleria.com\/en\/store\/taza-b-2022-jaime-galan\/#primaryimage"},"thumbnailUrl":"https:\/\/dev.paramogaleria.com\/wp-content\/uploads\/2023\/08\/Taza-Jaime-Galan-B.jpg","datePublished":"2023-08-17T21:19:44+00:00","dateModified":"2024-03-12T19:47:25+00:00","breadcrumb":{"@id":"https:\/\/dev.paramogaleria.com\/en\/store\/taza-b-2022-jaime-galan\/#breadcrumb"},"inLanguage":"en-US","potentialAction":[{"@type":"ReadAction","target":["https:\/\/dev.paramogaleria.com\/en\/store\/taza-b-2022-jaime-galan\/"]}]},{"@type":"ImageObject","inLanguage":"en-US","@id":"https:\/\/dev.paramogaleria.com\/en\/store\/taza-b-2022-jaime-galan\/#primaryimage","url":"https:\/\/dev.paramogaleria.com\/wp-content\/uploads\/2023\/08\/Taza-Jaime-Galan-B.jpg","contentUrl":"https:\/\/dev.paramogaleria.com\/wp-content\/uploads\/2023\/08\/Taza-Jaime-Galan-B.jpg","width":1080,"height":1080},{"@type":"BreadcrumbList","@id":"https:\/\/dev.paramogaleria.com\/en\/store\/taza-b-2022-jaime-galan\/#breadcrumb","itemListElement":[{"@type":"ListItem","position":1,"name":"Portada","item":"https:\/\/dev.paramogaleria.com\/en\/"},{"@type":"ListItem","position":2,"name":"Tienda","item":"https:\/\/dev.paramogaleria.com\/tienda\/"},{"@type":"ListItem","position":3,"name":"Taza B, 2022 &#8211; Jaime Gal\u00e1n"}]},{"@type":"WebSite","@id":"https:\/\/dev.paramogaleria.com\/en\/#website","url":"https:\/\/dev.paramogaleria.com\/en\/","name":"P&aacute;ramo","description":"Galer\u00eda","potentialAction":[{"@type":"SearchAction","target":{"@type":"EntryPoint","urlTemplate":"https:\/\/dev.paramogaleria.com\/en\/?s={search_term_string}"},"query-input":"required name=search_term_string"}],"inLanguage":"en-US"}]}},"_links":{"self":[{"href":"https:\/\/dev.paramogaleria.com\/en\/wp-json\/wp\/v2\/product\/2653","targetHints":{"allow":["GET"]}}],"collection":[{"href":"https:\/\/dev.paramogaleria.com\/en\/wp-json\/wp\/v2\/product"}],"about":[{"href":"https:\/\/dev.paramogaleria.com\/en\/wp-json\/wp\/v2\/types\/product"}],"replies":[{"embeddable":true,"href":"https:\/\/dev.paramogaleria.com\/en\/wp-json\/wp\/v2\/comments?post=2653"}],"wp:featuredmedia":[{"embeddable":true,"href":"https:\/\/dev.paramogaleria.com\/en\/wp-json\/wp\/v2\/media\/2655"}],"wp:attachment":[{"href":"https:\/\/dev.paramogaleria.com\/en\/wp-json\/wp\/v2\/media?parent=2653"}],"wp:term":[{"taxonomy":"product_cat","embeddable":true,"href":"https:\/\/dev.paramogaleria.com\/en\/wp-json\/wp\/v2\/product_cat?post=2653"},{"taxonomy":"product_tag","embeddable":true,"href":"https:\/\/dev.paramogaleria.com\/en\/wp-json\/wp\/v2\/product_tag?post=2653"}],"curies":[{"name":"wp","href":"https:\/\/api.w.org\/{rel}","templated":true}]}}