{"id":2562,"date":"2023-05-02T14:39:32","date_gmt":"2023-05-02T19:39:32","guid":{"rendered":"https:\/\/dev.paramogaleria.com\/store\/punta-argon-2010-jaime-galan\/"},"modified":"2023-08-17T03:09:31","modified_gmt":"2023-08-17T08:09:31","slug":"punta-argon-2010-jaime-galan","status":"publish","type":"product","link":"https:\/\/dev.paramogaleria.com\/en\/store\/punta-argon-2010-jaime-galan\/","title":{"rendered":"Punta Arg\u00f3n, 2010 &#8211; Jaime Gal\u00e1n"},"content":{"rendered":"<!--themify_builder_content-->\n<div id=\"themify_builder_content-2562\" data-postid=\"2562\" class=\"themify_builder_content themify_builder_content-2562 themify_builder tf_clear\">\n    <\/div>\n<!--\/themify_builder_content-->\n","protected":false},"excerpt":{"rendered":"<p><strong>Jaime Gal\u00e1n<\/strong><br \/>\n<em>Punta Arg\u00f3n, 2010<\/em><\/p>\n<p>Ceramic A.T.<br \/>\nDimensions: 45 x 33 x 21 cm<\/p>\n","protected":false},"featured_media":2561,"comment_status":"open","ping_status":"closed","template":"","meta":[],"product_cat":[102],"product_tag":[104],"class_list":{"0":"post-2562","1":"product","2":"type-product","3":"status-publish","4":"has-post-thumbnail","6":"product_cat-sculpture","7":"product_tag-jaime-galan-en","8":"has-post-title","9":"has-post-date","10":"has-post-category","11":"has-post-tag","12":"has-post-comment","13":"has-post-author","14":"","16":"first","17":"instock","18":"sold-individually","19":"taxable","20":"shipping-taxable","21":"purchasable","22":"product-type-simple"},"yoast_head":"<!-- This site is optimized with the Yoast SEO plugin v22.2 - https:\/\/yoast.com\/wordpress\/plugins\/seo\/ -->\n<title>Punta Arg\u00f3n, 2010 - Jaime Gal\u00e1n - P&aacute;ramo<\/title>\n<meta name=\"robots\" content=\"index, follow, max-snippet:-1, max-image-preview:large, max-video-preview:-1\" \/>\n<link rel=\"canonical\" href=\"https:\/\/dev.paramogaleria.com\/en\/store\/punta-argon-2010-jaime-galan\/\" \/>\n<meta property=\"og:locale\" content=\"en_US\" \/>\n<meta property=\"og:type\" content=\"article\" \/>\n<meta property=\"og:title\" content=\"Punta Arg\u00f3n, 2010 - Jaime Gal\u00e1n - P&aacute;ramo\" \/>\n<meta property=\"og:description\" content=\"Jaime Gal\u00e1n Punta Arg\u00f3n, 2010  Ceramic A.T. Dimensions: 45 x 33 x 21 cm\" \/>\n<meta property=\"og:url\" content=\"https:\/\/dev.paramogaleria.com\/en\/store\/punta-argon-2010-jaime-galan\/\" \/>\n<meta property=\"og:site_name\" content=\"P&aacute;ramo\" \/>\n<meta property=\"article:modified_time\" content=\"2023-08-17T08:09:31+00:00\" \/>\n<meta property=\"og:image\" content=\"https:\/\/dev.paramogaleria.com\/wp-content\/uploads\/2023\/05\/Punta-Argon-2010-Jaime-Galan.jpg\" \/>\n\t<meta property=\"og:image:width\" content=\"1424\" \/>\n\t<meta property=\"og:image:height\" content=\"2137\" \/>\n\t<meta property=\"og:image:type\" content=\"image\/jpeg\" \/>\n<meta name=\"twitter:card\" content=\"summary_large_image\" \/>\n<script type=\"application\/ld+json\" class=\"yoast-schema-graph\">{\"@context\":\"https:\/\/schema.org\",\"@graph\":[{\"@type\":\"WebPage\",\"@id\":\"https:\/\/dev.paramogaleria.com\/en\/store\/punta-argon-2010-jaime-galan\/\",\"url\":\"https:\/\/dev.paramogaleria.com\/en\/store\/punta-argon-2010-jaime-galan\/\",\"name\":\"Punta Arg\u00f3n, 2010 - Jaime Gal\u00e1n - P&aacute;ramo\",\"isPartOf\":{\"@id\":\"https:\/\/dev.paramogaleria.com\/en\/#website\"},\"primaryImageOfPage\":{\"@id\":\"https:\/\/dev.paramogaleria.com\/en\/store\/punta-argon-2010-jaime-galan\/#primaryimage\"},\"image\":{\"@id\":\"https:\/\/dev.paramogaleria.com\/en\/store\/punta-argon-2010-jaime-galan\/#primaryimage\"},\"thumbnailUrl\":\"https:\/\/dev.paramogaleria.com\/wp-content\/uploads\/2023\/05\/Punta-Argon-2010-Jaime-Galan.jpg\",\"datePublished\":\"2023-05-02T19:39:32+00:00\",\"dateModified\":\"2023-08-17T08:09:31+00:00\",\"breadcrumb\":{\"@id\":\"https:\/\/dev.paramogaleria.com\/en\/store\/punta-argon-2010-jaime-galan\/#breadcrumb\"},\"inLanguage\":\"en-US\",\"potentialAction\":[{\"@type\":\"ReadAction\",\"target\":[\"https:\/\/dev.paramogaleria.com\/en\/store\/punta-argon-2010-jaime-galan\/\"]}]},{\"@type\":\"ImageObject\",\"inLanguage\":\"en-US\",\"@id\":\"https:\/\/dev.paramogaleria.com\/en\/store\/punta-argon-2010-jaime-galan\/#primaryimage\",\"url\":\"https:\/\/dev.paramogaleria.com\/wp-content\/uploads\/2023\/05\/Punta-Argon-2010-Jaime-Galan.jpg\",\"contentUrl\":\"https:\/\/dev.paramogaleria.com\/wp-content\/uploads\/2023\/05\/Punta-Argon-2010-Jaime-Galan.jpg\",\"width\":1424,\"height\":2137,\"caption\":\"Punta Arg\u00f3n, 2010 - Jaime Gal\u00e1n.\"},{\"@type\":\"BreadcrumbList\",\"@id\":\"https:\/\/dev.paramogaleria.com\/en\/store\/punta-argon-2010-jaime-galan\/#breadcrumb\",\"itemListElement\":[{\"@type\":\"ListItem\",\"position\":1,\"name\":\"Portada\",\"item\":\"https:\/\/dev.paramogaleria.com\/en\/\"},{\"@type\":\"ListItem\",\"position\":2,\"name\":\"Tienda\",\"item\":\"https:\/\/dev.paramogaleria.com\/tienda\/\"},{\"@type\":\"ListItem\",\"position\":3,\"name\":\"Punta Arg\u00f3n, 2010 &#8211; Jaime Gal\u00e1n\"}]},{\"@type\":\"WebSite\",\"@id\":\"https:\/\/dev.paramogaleria.com\/en\/#website\",\"url\":\"https:\/\/dev.paramogaleria.com\/en\/\",\"name\":\"P&aacute;ramo\",\"description\":\"Galer\u00eda\",\"potentialAction\":[{\"@type\":\"SearchAction\",\"target\":{\"@type\":\"EntryPoint\",\"urlTemplate\":\"https:\/\/dev.paramogaleria.com\/en\/?s={search_term_string}\"},\"query-input\":\"required name=search_term_string\"}],\"inLanguage\":\"en-US\"}]}<\/script>\n<!-- \/ Yoast SEO plugin. -->","yoast_head_json":{"title":"Punta Arg\u00f3n, 2010 - Jaime Gal\u00e1n - P&aacute;ramo","robots":{"index":"index","follow":"follow","max-snippet":"max-snippet:-1","max-image-preview":"max-image-preview:large","max-video-preview":"max-video-preview:-1"},"canonical":"https:\/\/dev.paramogaleria.com\/en\/store\/punta-argon-2010-jaime-galan\/","og_locale":"en_US","og_type":"article","og_title":"Punta Arg\u00f3n, 2010 - Jaime Gal\u00e1n - P&aacute;ramo","og_description":"Jaime Gal\u00e1n Punta Arg\u00f3n, 2010  Ceramic A.T. Dimensions: 45 x 33 x 21 cm","og_url":"https:\/\/dev.paramogaleria.com\/en\/store\/punta-argon-2010-jaime-galan\/","og_site_name":"P&aacute;ramo","article_modified_time":"2023-08-17T08:09:31+00:00","og_image":[{"width":1424,"height":2137,"url":"https:\/\/dev.paramogaleria.com\/wp-content\/uploads\/2023\/05\/Punta-Argon-2010-Jaime-Galan.jpg","type":"image\/jpeg"}],"twitter_card":"summary_large_image","schema":{"@context":"https:\/\/schema.org","@graph":[{"@type":"WebPage","@id":"https:\/\/dev.paramogaleria.com\/en\/store\/punta-argon-2010-jaime-galan\/","url":"https:\/\/dev.paramogaleria.com\/en\/store\/punta-argon-2010-jaime-galan\/","name":"Punta Arg\u00f3n, 2010 - Jaime Gal\u00e1n - P&aacute;ramo","isPartOf":{"@id":"https:\/\/dev.paramogaleria.com\/en\/#website"},"primaryImageOfPage":{"@id":"https:\/\/dev.paramogaleria.com\/en\/store\/punta-argon-2010-jaime-galan\/#primaryimage"},"image":{"@id":"https:\/\/dev.paramogaleria.com\/en\/store\/punta-argon-2010-jaime-galan\/#primaryimage"},"thumbnailUrl":"https:\/\/dev.paramogaleria.com\/wp-content\/uploads\/2023\/05\/Punta-Argon-2010-Jaime-Galan.jpg","datePublished":"2023-05-02T19:39:32+00:00","dateModified":"2023-08-17T08:09:31+00:00","breadcrumb":{"@id":"https:\/\/dev.paramogaleria.com\/en\/store\/punta-argon-2010-jaime-galan\/#breadcrumb"},"inLanguage":"en-US","potentialAction":[{"@type":"ReadAction","target":["https:\/\/dev.paramogaleria.com\/en\/store\/punta-argon-2010-jaime-galan\/"]}]},{"@type":"ImageObject","inLanguage":"en-US","@id":"https:\/\/dev.paramogaleria.com\/en\/store\/punta-argon-2010-jaime-galan\/#primaryimage","url":"https:\/\/dev.paramogaleria.com\/wp-content\/uploads\/2023\/05\/Punta-Argon-2010-Jaime-Galan.jpg","contentUrl":"https:\/\/dev.paramogaleria.com\/wp-content\/uploads\/2023\/05\/Punta-Argon-2010-Jaime-Galan.jpg","width":1424,"height":2137,"caption":"Punta Arg\u00f3n, 2010 - Jaime Gal\u00e1n."},{"@type":"BreadcrumbList","@id":"https:\/\/dev.paramogaleria.com\/en\/store\/punta-argon-2010-jaime-galan\/#breadcrumb","itemListElement":[{"@type":"ListItem","position":1,"name":"Portada","item":"https:\/\/dev.paramogaleria.com\/en\/"},{"@type":"ListItem","position":2,"name":"Tienda","item":"https:\/\/dev.paramogaleria.com\/tienda\/"},{"@type":"ListItem","position":3,"name":"Punta Arg\u00f3n, 2010 &#8211; Jaime Gal\u00e1n"}]},{"@type":"WebSite","@id":"https:\/\/dev.paramogaleria.com\/en\/#website","url":"https:\/\/dev.paramogaleria.com\/en\/","name":"P&aacute;ramo","description":"Galer\u00eda","potentialAction":[{"@type":"SearchAction","target":{"@type":"EntryPoint","urlTemplate":"https:\/\/dev.paramogaleria.com\/en\/?s={search_term_string}"},"query-input":"required name=search_term_string"}],"inLanguage":"en-US"}]}},"_links":{"self":[{"href":"https:\/\/dev.paramogaleria.com\/en\/wp-json\/wp\/v2\/product\/2562","targetHints":{"allow":["GET"]}}],"collection":[{"href":"https:\/\/dev.paramogaleria.com\/en\/wp-json\/wp\/v2\/product"}],"about":[{"href":"https:\/\/dev.paramogaleria.com\/en\/wp-json\/wp\/v2\/types\/product"}],"replies":[{"embeddable":true,"href":"https:\/\/dev.paramogaleria.com\/en\/wp-json\/wp\/v2\/comments?post=2562"}],"wp:featuredmedia":[{"embeddable":true,"href":"https:\/\/dev.paramogaleria.com\/en\/wp-json\/wp\/v2\/media\/2561"}],"wp:attachment":[{"href":"https:\/\/dev.paramogaleria.com\/en\/wp-json\/wp\/v2\/media?parent=2562"}],"wp:term":[{"taxonomy":"product_cat","embeddable":true,"href":"https:\/\/dev.paramogaleria.com\/en\/wp-json\/wp\/v2\/product_cat?post=2562"},{"taxonomy":"product_tag","embeddable":true,"href":"https:\/\/dev.paramogaleria.com\/en\/wp-json\/wp\/v2\/product_tag?post=2562"}],"curies":[{"name":"wp","href":"https:\/\/api.w.org\/{rel}","templated":true}]}}